{"id":102,"date":"2022-05-09T07:40:28","date_gmt":"2022-05-09T07:40:28","guid":{"rendered":"https:\/\/karriero.hu\/?page_id=102"},"modified":"2022-08-23T06:43:30","modified_gmt":"2022-08-23T06:43:30","slug":"allasajanlatok","status":"publish","type":"page","link":"https:\/\/karriero.hu\/ro\/allasajanlatok\/","title":{"rendered":"Oferte locuri de munc\u0103"},"content":{"rendered":"<script >\n    var ajaxurl = \"https:\/\/karriero.hu\/wp-admin\/admin-ajax.php\";\n    jQuery(document).ready(function ($) {\n        $(\"div#jsjob-popup-background,img#popup_cross\").click(function () {\n            closePopup();\n        });\n    });\n\n    function closePopup() {\n        jQuery(\"div#jsjob-search-popup,div#jsjobs-listpopup\").slideUp('slow');\n        setTimeout(function () {\n            jQuery(\"div#jsjob-popup-background\").hide();\n            jQuery(\"div#jsjobs-popup-background\").hide();\n        }, 700);\n    }\n\n    function showPopup() {\n        jQuery(\"div#jsjob-popup-background\").show();\n        jQuery(\"div#jsjob-search-popup\").slideDown('slow');\n    }\n\n    function loadMap1() {\n        var default_latitude = document.getElementById('latitude1').value;\n        var default_longitude = document.getElementById('longitude1').value;\n        default_latitude = default_latitude.split(',');\n        if(default_latitude instanceof Array){\n            default_longitude = default_longitude.split(',');\n            var latlng = new google.maps.LatLng(default_latitude[0], default_longitude[0]);\n            zoom = 4;\n            var myOptions = {\n                zoom: zoom,\n                center: latlng,\n                scrollwheel: false,\n                mapTypeId: google.maps.MapTypeId.ROADMAP\n            };\n            map = new google.maps.Map(document.getElementById(\"map_container1\"), myOptions);\n            for (i = 0; i < default_latitude.length; i++) {\n                var latlng = new google.maps.LatLng(default_latitude[i], default_longitude[i]);\n                addMarker(latlng);\n            }                            \n        }else{\n            var latlng = new google.maps.LatLng(default_latitude, default_longitude);\n            zoom = 10;\n            var myOptions = {\n                zoom: zoom,\n                center: latlng,\n                scrollwheel: false,\n                mapTypeId: google.maps.MapTypeId.ROADMAP\n            };\n            map = new google.maps.Map(document.getElementById(\"map_container\"), myOptions);\n            addMarker(latlng);\n        }\n\n    }\n    \n    function addMarker(latlang){\n        var marker = new google.maps.Marker({\n            position: latlang,\n            map: map,\n            draggable: false,\n        });\n        marker.setMap(map);\n    }\n\n\n\n    function loadMap() {\n        var default_latitude = '33.654887';\n        var default_longitude = '73.03280589999997';\n\n        var latitude = document.getElementById('latitude').value;\n        var longitude = document.getElementById('longitude').value;\n\n        if (latitude != '' && longitude != '') {\n            default_latitude = latitude;\n            default_longitude = longitude;\n        }\n        var latlng = new google.maps.LatLng(default_latitude, default_longitude);\n        zoom = 10;\n        var myOptions = {\n            zoom: zoom,\n            center: latlng,\n            scrollwheel: false,\n            mapTypeId: google.maps.MapTypeId.ROADMAP\n        };\n        var map = new google.maps.Map(document.getElementById(\"map_container\"), myOptions);\n        var lastmarker = new google.maps.Marker({\n            postiion: latlng,\n            map: map,\n        });\n\n        google.maps.event.addListener(map, \"click\", function (e) {\n            var latLng = new google.maps.LatLng(e.latLng.lat(), e.latLng.lng());\n            geocoder = new google.maps.Geocoder();\n            geocoder.geocode({'latLng': latLng}, function (results, status) {\n                if (status == google.maps.GeocoderStatus.OK) {\n                    if (lastmarker != '')\n                        lastmarker.setMap(null);\n                    var marker = new google.maps.Marker({\n                        position: results[0].geometry.location,\n                        map: map,\n                    });\n                    marker.setMap(map);\n                    lastmarker = marker;\n                    document.getElementById('latitude').value = marker.position.lat();\n                    document.getElementById('longitude').value = marker.position.lng();\n\n                } else {\n                    alert(\"Geocode was not successful for the following reason\"+\": \" + status);\n                }\n            });\n        });\n    }\n\n    function resetpopupform(){\n        var form = jQuery('form#job_form');\n        form.find(\"input[type=text], input[type=email], input[type=password], textarea\").val(\"\");\n        form.find('input:checkbox').removeAttr('checked');\n        form.find('select').prop('selectedIndex', 0);\n        form.find('input[type=\"radio\"]').prop('checked', false);\n\n        jQuery(\".jsjob-multiselect\").val('').trigger('chosen:updated');\n        jQuery('input#city').val('');\n        jQuery('input#city').tokenInput(\"clear\");\n        form.submit();\n\n        \/\/jQuery('form#adminForm').append('<input type=\"hidden\" name=\"popresetbtn\" value=\"true\">');\n    }\n\n<\/script>\n<style>\n    div#jsjobs-hide{display: none;width: 100%;}\n    div#map{width: 100%;height: 100%;}\n    div#map_container,div#map_container1{\n        height:400px;\n        width:100%;\n    }\n<\/style>\n<script >\n    jQuery(document).ready(function ($) {\n        $(\".jsjob-multiselect\").chosen({\n            placeholder_text_multiple: \"Select some options\"\n        });\n\n        \/\/Token Input\n        var multicities = '';\n        getTokenInput(multicities);\n\n        \/\/Validation\n        $.validate();\n    });\n    function checkmapcooridnate() {\n        var latitude = document.getElementById('latitude').value;\n        var longitude = document.getElementById('longitude').value;\n        var radius = document.getElementById('radius').value;\n        if (latitude != '' && longitude != '') {\n            if (radius != '') {\n                this.form.submit();\n            } else {\n                alert(\"V\u0103 rug\u0103m s\u0103 introduce\u021bi raza coordonatei\");\n                return false;\n            }\n        }\n    }\n    \/\/Token in put\n    function getTokenInput(multicities) {\n        var cityArray = 'https:\/\/karriero.hu\/wp-admin\/admin.php?page=jsjobs_city&action=jsjobtask&task=getaddressdatabycityname';\n        cityArray = cityArray+\"&_wpnonce=0d53661369\";\n        jQuery(\"#city\").tokenInput(cityArray, {\n            theme: \"jsjobs\",\n            preventDuplicates: true,\n            prePopulate: multicities,\n            hintText: \"Tasta\u021bi un termen de c\u0103utare\",\n            noResultsText: \"Nici un rezultat\",\n            searchingText: \"In cautarea\"\n        });\n        jQuery(\"#jsjobs-input-city\").attr(\"placeholder\", \" Tip ora\u0219:\");\n    }\n\n\n\n<\/script>\n<div id=\"jsjobs-main-up-wrapper\">\n<div id=\"jsjobs-header-main-wrapper\"><a class=\"headerlinks\" href=\"https:\/\/karriero.hu\/ro\/allasajanlatok\/jobseeker-control-panel?_wpnonce=b16ca39d59\">Panoul de control<\/a><a class=\"headerlinks\" href=\"https:\/\/karriero.hu\/ro\/allasajanlatok\/job-categories?_wpnonce=8bf3d7cb3b\">Joburi pe categorii<\/a><a class=\"headerlinks\" href=\"https:\/\/karriero.hu\/ro\/allasajanlatok\/job-search?_wpnonce=4102a05494\">Cautare locuri de munca<\/a><a class=\"headerlinks\" href=\"https:\/\/karriero.hu\/ro\/allasajanlatok\/newest-jobs?_wpnonce=7ed4d699c6\">Cele mai noi locuri de munca<\/a><a class=\"headerlinks\" href=\"https:\/\/karriero.hu\/ro\/allasajanlatok\/my-resumes?_wpnonce=2b03347d2f\">CV-ul meu<\/a><\/div>\n            <div id=\"jsjobs-main-up-wrapper\">\n                <div class=\"js_job_error_messages_wrapper\">\n                    <div class=\"message1\">\n                        <span>\n                            Oops...\n                        <\/span>\n                    <\/div>    \n                    <div class=\"message2\">\n                         <span class=\"img\">\n                        <img decoding=\"async\" class=\"js_job_messages_image\" src=\"https:\/\/karriero.hu\/wp-content\/plugins\/js-jobs\/includes\/images\/notallow.png\" \/>\n                         <\/span> \n                         <span class=\"message-text\">\n                            Nu sunteti autentificat\n                         <\/span>\n                    <\/div>\n                    <div class=\"footer\">\n                    <a href=\"https:\/\/karriero.hu\/ro\/allasajanlatok\/jsjobs-login\/aHR0cHM6Ly9rYXJyaWVyby5odS9yby9hbGxhc2FqYW5sYXRvay9qb2Jz\">Logare<\/a>\n                    <\/div>\n                <\/div>\n            <\/div>\n        <div style=\"display:none;\" id=\"jsjobs_permalink\">\n    https:\/\/karriero.hu\/ro\/wp-json\/wp\/v2\/pages\/102<\/div>\n<\/div>\n\n","protected":false},"excerpt":{"rendered":"","protected":false},"author":1,"featured_media":0,"parent":0,"menu_order":0,"comment_status":"closed","ping_status":"closed","template":"","meta":{"ngg_post_thumbnail":0,"footnotes":""},"class_list":["post-102","page","type-page","status-publish","hentry"],"a3_pvc":{"activated":false,"total_views":1109,"today_views":0},"_links":{"self":[{"href":"https:\/\/karriero.hu\/ro\/wp-json\/wp\/v2\/pages\/102","targetHints":{"allow":["GET"]}}],"collection":[{"href":"https:\/\/karriero.hu\/ro\/wp-json\/wp\/v2\/pages"}],"about":[{"href":"https:\/\/karriero.hu\/ro\/wp-json\/wp\/v2\/types\/page"}],"author":[{"embeddable":true,"href":"https:\/\/karriero.hu\/ro\/wp-json\/wp\/v2\/users\/1"}],"replies":[{"embeddable":true,"href":"https:\/\/karriero.hu\/ro\/wp-json\/wp\/v2\/comments?post=102"}],"version-history":[{"count":10,"href":"https:\/\/karriero.hu\/ro\/wp-json\/wp\/v2\/pages\/102\/revisions"}],"predecessor-version":[{"id":176,"href":"https:\/\/karriero.hu\/ro\/wp-json\/wp\/v2\/pages\/102\/revisions\/176"}],"wp:attachment":[{"href":"https:\/\/karriero.hu\/ro\/wp-json\/wp\/v2\/media?parent=102"}],"curies":[{"name":"wp","href":"https:\/\/api.w.org\/{rel}","templated":true}]}}