{"id":131,"date":"2022-05-16T08:42:44","date_gmt":"2022-05-16T08:42:44","guid":{"rendered":"https:\/\/karriero.hu\/?page_id=131"},"modified":"2023-01-30T10:23:20","modified_gmt":"2023-01-30T09:23:20","slug":"impresszum","status":"publish","type":"page","link":"https:\/\/karriero.hu\/ro\/impresszum\/","title":{"rendered":"Despre noi"},"content":{"rendered":"<p><strong>Proprietarul site-ului web karriero.hu<\/strong><\/p>\n<p>Funda\u021bia K\u00f6r\u00f6s-Maros pentru Dezvoltare Rural\u0103 \u0219i Agricultur\u0103 Ecologic\u0103<br \/>\nSediu: 5711 Gyula, K\u00fclter\u00fclet 4.<\/p>\n<p>Num\u0103r de ordine \u00een registrul comer\u021bului: 04-01-0002270<br \/>\nCod de \u00eenregistrare fiscal\u0103: 18387830-2-04<br \/>\nReprezentant legal: Dr. R\u00e1ki Ferencn\u00e9 kurat\u00f3riumi eln\u00f6k<\/p>\n<p>Manager de proiect: R\u00e1ki Zsolt<\/p>\n<p><strong>Serviciu clien\u021bi<\/strong><\/p>\n<p>E-mail: ugyfelszolgalat@karriero.hu<\/p>\n<p><p><\/p><\/p>\n<p><strong>Dezvoltarea site-ului web:<\/strong><\/p>\n<p>Prompt Info Kft. 1225 Budapest, Romh\u00e1nyi J\u00f3zsef utca 12.<\/p>\n<p>Furnizor de server: Freemium Kft. <a href=\"http:\/\/freemium.hu\/\">http:\/\/freemium.hu\/ <\/a><\/p>\n<p>Vom accepta \u00eentreb\u0103rile dumneavoastr\u0103 telefonice de miercuri p\u00e2n\u0103 vineri \u00eentre orele 9:00 \u0219i 17:00!<\/p>\n<div class=\"pvc_clear\"><\/div><p id=\"pvc_stats_131\" class=\"pvc_stats all  pvc_load_by_ajax_update\" data-element-id=\"131\" style=\"\"><i class=\"pvc-stats-icon medium\" aria-hidden=\"true\"><svg aria-hidden=\"true\" focusable=\"false\" data-prefix=\"far\" data-icon=\"chart-bar\" role=\"img\" xmlns=\"http:\/\/www.w3.org\/2000\/svg\" viewbox=\"0 0 512 512\" class=\"svg-inline--fa fa-chart-bar fa-w-16 fa-2x\"><path fill=\"currentColor\" d=\"M396.8 352h22.4c6.4 0 12.8-6.4 12.8-12.8V108.8c0-6.4-6.4-12.8-12.8-12.8h-22.4c-6.4 0-12.8 6.4-12.8 12.8v230.4c0 6.4 6.4 12.8 12.8 12.8zm-192 0h22.4c6.4 0 12.8-6.4 12.8-12.8V140.8c0-6.4-6.4-12.8-12.8-12.8h-22.4c-6.4 0-12.8 6.4-12.8 12.8v198.4c0 6.4 6.4 12.8 12.8 12.8zm96 0h22.4c6.4 0 12.8-6.4 12.8-12.8V204.8c0-6.4-6.4-12.8-12.8-12.8h-22.4c-6.4 0-12.8 6.4-12.8 12.8v134.4c0 6.4 6.4 12.8 12.8 12.8zM496 400H48V80c0-8.84-7.16-16-16-16H16C7.16 64 0 71.16 0 80v336c0 17.67 14.33 32 32 32h464c8.84 0 16-7.16 16-16v-16c0-8.84-7.16-16-16-16zm-387.2-48h22.4c6.4 0 12.8-6.4 12.8-12.8v-70.4c0-6.4-6.4-12.8-12.8-12.8h-22.4c-6.4 0-12.8 6.4-12.8 12.8v70.4c0 6.4 6.4 12.8 12.8 12.8z\" class=\"\"><\/path><\/svg><\/i> <img loading=\"lazy\" decoding=\"async\" width=\"16\" height=\"16\" alt=\"Loading\" src=\"https:\/\/karriero.hu\/wp-content\/plugins\/page-views-count\/ajax-loader-2x.gif\" border=\"0\" \/><\/p><div class=\"pvc_clear\"><\/div>","protected":false},"excerpt":{"rendered":"<p>A Karriero.hu honlap tulajdonosa: K\u00f6r\u00f6s-Maros Vid\u00e9kfejleszt\u00e9si \u00e9s \u00d6kogazd\u00e1lkod\u00e1si Alap\u00edtv\u00e1ny Sz\u00e9khelye: 5711 Gyula, K\u00fclter\u00fclet 4. Nyilv\u00e1ntart\u00e1si azonos\u00edt\u00f3k: Gyulai T\u00f6rv\u00e9nysz\u00e9k 04-01-0002270 Ad\u00f3sz\u00e1ma: 18387830-2-04 K\u00e9pviseli: Dr. R\u00e1ki Ferencn\u00e9&hellip;<\/p>","protected":false},"author":1,"featured_media":0,"parent":0,"menu_order":0,"comment_status":"closed","ping_status":"closed","template":"","meta":{"ngg_post_thumbnail":0,"footnotes":""},"class_list":["post-131","page","type-page","status-publish","hentry"],"a3_pvc":{"activated":false,"total_views":191,"today_views":0},"_links":{"self":[{"href":"https:\/\/karriero.hu\/ro\/wp-json\/wp\/v2\/pages\/131","targetHints":{"allow":["GET"]}}],"collection":[{"href":"https:\/\/karriero.hu\/ro\/wp-json\/wp\/v2\/pages"}],"about":[{"href":"https:\/\/karriero.hu\/ro\/wp-json\/wp\/v2\/types\/page"}],"author":[{"embeddable":true,"href":"https:\/\/karriero.hu\/ro\/wp-json\/wp\/v2\/users\/1"}],"replies":[{"embeddable":true,"href":"https:\/\/karriero.hu\/ro\/wp-json\/wp\/v2\/comments?post=131"}],"version-history":[{"count":10,"href":"https:\/\/karriero.hu\/ro\/wp-json\/wp\/v2\/pages\/131\/revisions"}],"predecessor-version":[{"id":405,"href":"https:\/\/karriero.hu\/ro\/wp-json\/wp\/v2\/pages\/131\/revisions\/405"}],"wp:attachment":[{"href":"https:\/\/karriero.hu\/ro\/wp-json\/wp\/v2\/media?parent=131"}],"curies":[{"name":"wp","href":"https:\/\/api.w.org\/{rel}","templated":true}]}}