{"id":177,"date":"2022-08-23T06:46:01","date_gmt":"2022-08-23T06:46:01","guid":{"rendered":"https:\/\/karriero.hu\/?page_id=177"},"modified":"2022-08-23T06:46:01","modified_gmt":"2022-08-23T06:46:01","slug":"kereses-az-allasajanlatok-kozott","status":"publish","type":"page","link":"https:\/\/karriero.hu\/ro\/kereses-az-allasajanlatok-kozott\/","title":{"rendered":"<a href=\"https:\/\/karriero.hu\/ro\/kereses-az-allasajanlatok-kozott\/\" target=\"_self\">C\u0103utare loc de munc\u0103<\/a>"},"content":{"rendered":"<script >\n    jQuery(document).ready(function ($) {\n        jQuery('.custom_date').datepicker({dateFormat: 'yy-m-d'});\n        $(\".jsjob-multiselect\").chosen({\n            placeholder_text_multiple: \"Select some options\"\n        });\n                \/\/Token Input\n        var multicities = '';\n        getTokenInput(multicities);\n\n        \/\/Validation\n        $.validate();\n    });\n    var ajaxurl = \"https:\/\/karriero.hu\/wp-admin\/admin-ajax.php\";\n<\/script>\n<style>\n    div#map{\n        width: 100%;\n        height: 100%;\n    }    \n    div#map_container{\n        height:400px;\n        width:100%;\n    }\n<\/style>\n<script >\n    \/\/Token in put\n    function getTokenInput(multicities) {\n        var cityArray = 'https:\/\/karriero.hu\/wp-admin\/admin.php?page=jsjobs_city&action=jsjobtask&task=getaddressdatabycityname';\n        cityArray = cityArray+\"&_wpnonce=d0727d6f37\";\n\n        jQuery(\"#city\").tokenInput(cityArray, {\n            theme: \"jsjobs\",\n            preventDuplicates: true,\n            hintText: \"Tasta\u021bi un termen de c\u0103utare\",\n            noResultsText: \"Nici un rezultat\",\n            searchingText: \"In cautarea\"\n        });\n    }\n<\/script>\n<div id=\"jsjobs-main-up-wrapper\">\n<div id=\"jsjobs-header-main-wrapper\"><a class=\"headerlinks\" href=\"https:\/\/karriero.hu\/ro\/kereses-az-allasajanlatok-kozott\/jobseeker-control-panel?_wpnonce=5e99027f19\">Panoul de control<\/a><a class=\"headerlinks\" href=\"https:\/\/karriero.hu\/ro\/kereses-az-allasajanlatok-kozott\/job-categories?_wpnonce=cf9de685d6\">Joburi pe categorii<\/a><a class=\"headerlinks\" href=\"https:\/\/karriero.hu\/ro\/kereses-az-allasajanlatok-kozott\/job-search?_wpnonce=df6bc4f56f\">Cautare locuri de munca<\/a><a class=\"headerlinks\" href=\"https:\/\/karriero.hu\/ro\/kereses-az-allasajanlatok-kozott\/newest-jobs?_wpnonce=bac4576bd3\">Cele mai noi locuri de munca<\/a><a class=\"headerlinks\" href=\"https:\/\/karriero.hu\/ro\/kereses-az-allasajanlatok-kozott\/my-resumes?_wpnonce=5f593f5982\">CV-ul meu<\/a><\/div>    <div id=\"jsjobs-wrapper\">\n        <div class=\"page_heading\">Cauta job<\/div>\n        <form class=\"job_form\" id=\"job_form\" method=\"post\" action=\"https:\/\/karriero.hu\/ro\/kereses-az-allasajanlatok-kozott\/jobs?_wpnonce=bac4576bd3\" data-trp-original-action=\"https:\/\/karriero.hu\/ro\/kereses-az-allasajanlatok-kozott\/jobs?_wpnonce=bac4576bd3\">\n            <div class=\"js-col-md-12 js-form-wrapper\">\n                            <div class=\"js-col-md-12 js-form-title\">Munka megnevez\u00e9se<\/div>\n                            <div class=\"js-col-md-12 js-form-value\"><input type=\"text\" name=\"jobtitle\" id=\"jobtitle\" value=\"\" class=\"inputbox\" \/><\/div>\n                        <\/div><div class=\"js-col-md-12 js-form-wrapper  -nopad-nomar\" title=\"Orsz\u00e1g\">\n                   <div class=\"js-col-md-12 js-form-title  -bigfont\">Orsz\u00e1g <\/div><div class=\"js-col-md-12 js-form-value\"><input type=\"checkbox\" class=\"radiobutton\" value=\"Magyarorsz\u00e1g\" id=\"ufield_405_1\" name=\"ufield_405[]\"><label for=\"ufield_405_1\" id=\"foruf_checkbox1\">Ungaria<\/label><input type=\"checkbox\" class=\"radiobutton\" value=\"Rom\u00e1nia\" id=\"ufield_405_2\" name=\"ufield_405[]\"><label for=\"ufield_405_2\" id=\"foruf_checkbox1\">Rom\u00e2nia<\/label><\/div><\/div><div class=\"js-col-md-12 js-form-wrapper  -nopad-nomar\" title=\"V\u00e1ros\">\n                   <div class=\"js-col-md-12 js-form-title  -bigfont\">V\u00e1ros <\/div><div class=\"js-col-md-12 js-form-value\"><input type=\"text\" name=\"ufield_412\" id=\"ufield_412\" value=\"\" class=\"inputbox one form-control -input\" data-validation=\"\" size=\"0\" placeholder=\"V\u00e1ros\" \/><\/div><\/div><div class=\"js-col-md-12 js-form-wrapper  -nopad-nomar\" title=\"Megye\">\n                   <div class=\"js-col-md-12 js-form-title  -bigfont\">Megye <\/div><div class=\"js-col-md-12 js-form-value\"><input type=\"checkbox\" class=\"radiobutton\" value=\"B\u00e9k\u00e9s\" id=\"ufield_406_1\" name=\"ufield_406[]\"><label for=\"ufield_406_1\" id=\"foruf_checkbox1\">Bekes<\/label><input type=\"checkbox\" class=\"radiobutton\" value=\"Csongr\u00e1d-Csan\u00e1d\" id=\"ufield_406_2\" name=\"ufield_406[]\"><label for=\"ufield_406_2\" id=\"foruf_checkbox1\">Csongrad-Csanad<\/label><input type=\"checkbox\" class=\"radiobutton\" value=\"Hajd\u00fa-Bihar\" id=\"ufield_406_3\" name=\"ufield_406[]\"><label for=\"ufield_406_3\" id=\"foruf_checkbox1\">Hajdu-Bihar<\/label><input type=\"checkbox\" class=\"radiobutton\" value=\"Szabolcs-Szatm\u00e1r-Bereg\" id=\"ufield_406_4\" name=\"ufield_406[]\"><label for=\"ufield_406_4\" id=\"foruf_checkbox1\">Szabolcs-Szatmar-Bereg<\/label><input type=\"checkbox\" class=\"radiobutton\" value=\"Arad\" id=\"ufield_406_5\" name=\"ufield_406[]\"><label for=\"ufield_406_5\" id=\"foruf_checkbox1\">Arad<\/label><input type=\"checkbox\" class=\"radiobutton\" value=\"Bihar\" id=\"ufield_406_6\" name=\"ufield_406[]\"><label for=\"ufield_406_6\" id=\"foruf_checkbox1\">Bihor<\/label><input type=\"checkbox\" class=\"radiobutton\" value=\"Szatm\u00e1r\" id=\"ufield_406_7\" name=\"ufield_406[]\"><label for=\"ufield_406_7\" id=\"foruf_checkbox1\">Satu Mare<\/label><input type=\"checkbox\" class=\"radiobutton\" value=\"Temes\" id=\"ufield_406_8\" name=\"ufield_406[]\"><label for=\"ufield_406_8\" id=\"foruf_checkbox1\">Timi\u0219<\/label><input type=\"checkbox\" class=\"radiobutton\" value=\"Egy\u00e9b\" id=\"ufield_406_9\" name=\"ufield_406[]\"><label for=\"ufield_406_9\" id=\"foruf_checkbox1\">Alte<\/label><\/div><\/div><div class=\"js-col-md-12 js-form-wrapper  -nopad-nomar\" title=\"V\u00e9gzetts\u00e9g\">\n                   <div class=\"js-col-md-12 js-form-title  -bigfont\">V\u00e9gzetts\u00e9g <\/div><div class=\"js-col-md-12 js-form-value\"><select name=\"ufield_404\" id=\"ufield_404\" data-validation=\"\" onchange=\"\" class=\"inputbox one form-control  -select\"><option value=\"\">Selectati V\u00e9gzetts\u00e9g<\/option><option class=\"\" value=\"Fels\u0151fok\u00fa \/ Superioare\">Fels\u0151fok\u00fa \/ Superioare<\/option><option class=\"\" value=\"\u00c9retts\u00e9gi \/ Medii cu bacalaureat\">\u00c9retts\u00e9gi \/ Medii cu bacalaureat<\/option><option class=\"\" value=\"Szakmunk\u00e1s \/ Scoal\u0103 profesional\u0103\">Szakmunk\u00e1s \/ Scoal\u0103 profesional\u0103<\/option><option class=\"\" value=\"8 \u00e1ltal\u00e1nos \/ 8 clase\">8 \u00e1ltal\u00e1nos \/ 8 clase<\/option><\/select><\/div><\/div><div class=\"js-col-md-12 js-form-wrapper  -nopad-nomar\" title=\"Munka jellege\">\n                   <div class=\"js-col-md-12 js-form-title  -bigfont\">Munka jellege <\/div><div class=\"js-col-md-12 js-form-value\"><select name=\"ufield_410\" id=\"ufield_410\" data-validation=\"\" onchange=\"\" class=\"inputbox one form-control  -select\"><option value=\"\">Selectati Munka jellege<\/option><option class=\"\" value=\"Irodai \/ Munc\u0103 de birou\">Irodai \/ Munc\u0103 de birou<\/option><option class=\"\" value=\"K\u00f6nny\u0171 \/ Munc\u0103 u\u0219oar\u0103\">K\u00f6nny\u0171 \/ Munc\u0103 u\u0219oar\u0103<\/option><option class=\"\" value=\"Fizikai munka \/ Munc\u0103 fizic\u0103\">Fizikai munka \/ Munc\u0103 fizic\u0103<\/option><\/select><\/div><\/div><div class=\"js-col-md-12 js-form-wrapper  -nopad-nomar\" title=\"Nyelvtud\u00e1s\">\n                   <div class=\"js-col-md-12 js-form-title  -bigfont\">Nyelvtud\u00e1s <\/div><div class=\"js-col-md-12 js-form-value\"><select name=\"ufield_407\" id=\"ufield_407\" data-validation=\"\" onchange=\"getDataForDepandantField('ufield_407','ufield_408','1','','');\" class=\"inputbox one form-control  -select\"><option value=\"\">Selectati Nyelvtud\u00e1s<\/option><option class=\"\" value=\"Angol \/ Englez\u0103\">Angol \/ Englez\u0103<\/option><option class=\"\" value=\"Francia \/ Francez\u0103\">Francia \/ Francez\u0103<\/option><option class=\"\" value=\"Magyar \/ Maghiar\u0103\">Magyar \/ Maghiar\u0103<\/option><option class=\"\" value=\"N\u00e9met \/ German\u0103\">N\u00e9met \/ German\u0103<\/option><option class=\"\" value=\"Orosz \/ Rus\u0103\">Orosz \/ Rus\u0103<\/option><option class=\"\" value=\"Rom\u00e1n \/ Rom\u00e2n\u0103\">Rom\u00e1n \/ Rom\u00e2n\u0103<\/option><option class=\"\" value=\"Spanyol \/ Spaniol\u0103\">Spanyol \/ Spaniol\u0103<\/option><\/select><\/div><\/div><div class=\"js-col-md-12 js-form-wrapper  -nopad-nomar\" title=\"Nyelvtud\u00e1s szintje\">\n                   <div class=\"js-col-md-12 js-form-title  -bigfont\">Nyelvtud\u00e1s szintje <\/div><div class=\"js-col-md-12 js-form-value\"><select name=\"ufield_414\" id=\"ufield_414\" data-validation=\"\" onchange=\"\" class=\"inputbox one form-control  -select\"><option value=\"\">Selectati Nyelvtud\u00e1s szintje<\/option><option class=\"\" value=\"Alapfok\u00fa \/ Elementar\">Alapfok\u00fa \/ Elementar<\/option><option class=\"\" value=\"K\u00f6z\u00e9pfok\u00fa \/ Intermediar\">K\u00f6z\u00e9pfok\u00fa \/ Intermediar<\/option><option class=\"\" value=\"Fels\u0151fok\u00fa \/ Avansat\">Fels\u0151fok\u00fa \/ Avansat<\/option><\/select><\/div><\/div><div class=\"js-col-md-12 js-form-wrapper\">\n                            <div class=\"js-col-md-12 js-form-title\">Ter\u00fclet<\/div>\n                            <div class=\"js-col-md-12 js-form-value\"><select name=\"category[]\" id=\"category[]\" class=\"inputbox jsjob-multiselect\" multiple=\"true\"><option value=\"\">Selectati Categorie<\/option><option class=\"\" value=\"239\">Adminisztr\u00e1ci\u00f3, irodai munka<\/option><option class=\"\" value=\"240\">Eg\u00e9szs\u00e9g\u00fcgy, szoci\u00e1lis gondoskod\u00e1s<\/option><option class=\"\" value=\"241\">\u00c9lelmiszergy\u00e1rt\u00e1s<\/option><option class=\"\" value=\"242\">\u00c9p\u00edt\u0151ipar<\/option><option class=\"\" value=\"243\">Fizikai, seg\u00e9d, betan\u00edtott munka<\/option><option class=\"\" value=\"244\">Kutat\u00e1s-fejleszt\u00e9s<\/option><option class=\"\" value=\"245\">Idegenforgalom<\/option><option class=\"\" value=\"246\">Jog, k\u00f6zigazgat\u00e1s<\/option><option class=\"\" value=\"247\">Kereskedelem<\/option><option class=\"\" value=\"248\">Kutat\u00e1s, fejleszt\u00e9s<\/option><option class=\"\" value=\"249\">Marketing, rekl\u00e1m<\/option><option class=\"\" value=\"250\">Mez\u0151gazdas\u00e1g<\/option><option class=\"\" value=\"251\">M\u00e9rn\u00f6k, m\u0171szaki, villamoss\u00e1gi<\/option><option class=\"\" value=\"252\">Munka\u00fcgy, munkav\u00e9delem<\/option><option class=\"\" value=\"253\">M\u0171v\u00e9szet, kult\u00fara<\/option><option class=\"\" value=\"254\">Nyomdaipar, dekor\u00e1ci\u00f3<\/option><option class=\"\" value=\"255\">Oktat\u00e1s, ford\u00edt\u00e1s<\/option><option class=\"\" value=\"256\">P\u00e9nz\u00fcgy, sz\u00e1mvitel<\/option><option class=\"\" value=\"257\">Rakt\u00e1roz\u00e1s<\/option><option class=\"\" value=\"258\">Riporter, sajt\u00f3<\/option><option class=\"\" value=\"259\">Sz\u00e1ll\u00edtm\u00e1nyoz\u00e1s<\/option><option class=\"\" value=\"260\">Vend\u00e9gl\u00e1t\u00e1s<\/option><option class=\"\" value=\"261\">Egy\u00e9b szolg\u00e1ltat\u00e1s<\/option><\/select><\/div>\n                        <\/div><div class=\"js-col-md-12 js-form-wrapper\">\n                            <div class=\"js-col-md-12 js-form-title\">Munkav\u00e9gz\u00e9s form\u00e1ja<\/div>\n                            <div class=\"js-col-md-12 js-form-value\"><select name=\"jobtype[]\" id=\"jobtype[]\" class=\"inputbox jsjob-multiselect\" multiple=\"true\"><option value=\"\">Selectati Tipul de locuri de munca<\/option><option class=\"\" value=\"1\">Telephelyi \/ La sediul angajatorului<\/option><option class=\"\" value=\"2\">T\u00e1vmunka \/ Munc\u0103 la distan\u021b\u0103<\/option><option class=\"\" value=\"3\">Rugalmas\/ Flexibil<\/option><\/select><\/div>\n                        <\/div>            <div class=\"js-col-md-12 js-form-wrapper\">\n                <div class=\"js-col-md-12 bottombutton js-form\" id=\"save-button\">                 \n                    <input type=\"submit\" name=\"save\" id=\"save\" value=\"Cauta job\" class=\"button\" \/>                <\/div>\n            <\/div>\n            <input type=\"hidden\" id=\"default_longitude\" name=\"default_longitude\" value=\"73.03280589999997\"\/>\n            <input type=\"hidden\" id=\"default_latitude\" name=\"default_latitude\" value=\"33.654887\"\/>\n            <input type=\"hidden\" id=\"issearchform\" name=\"issearchform\" value=\"1\"\/>\n            <input type=\"hidden\" id=\"JSJOBS_form_search\" name=\"JSJOBS_form_search\" value=\"JSJOBS_SEARCH\"\/>\n            <input type=\"hidden\" id=\"jsjobslt\" name=\"jsjobslt\" value=\"jobs\"\/>\n        <input type=\"hidden\" name=\"trp-form-language\" value=\"ro\"\/><\/form>\n    <\/div>\n\n<\/div>","protected":false},"excerpt":{"rendered":"","protected":false},"author":1,"featured_media":0,"parent":0,"menu_order":0,"comment_status":"closed","ping_status":"closed","template":"","meta":{"ngg_post_thumbnail":0,"footnotes":""},"class_list":["post-177","page","type-page","status-publish","hentry"],"a3_pvc":{"activated":false,"total_views":982,"today_views":0},"_links":{"self":[{"href":"https:\/\/karriero.hu\/ro\/wp-json\/wp\/v2\/pages\/177","targetHints":{"allow":["GET"]}}],"collection":[{"href":"https:\/\/karriero.hu\/ro\/wp-json\/wp\/v2\/pages"}],"about":[{"href":"https:\/\/karriero.hu\/ro\/wp-json\/wp\/v2\/types\/page"}],"author":[{"embeddable":true,"href":"https:\/\/karriero.hu\/ro\/wp-json\/wp\/v2\/users\/1"}],"replies":[{"embeddable":true,"href":"https:\/\/karriero.hu\/ro\/wp-json\/wp\/v2\/comments?post=177"}],"version-history":[{"count":1,"href":"https:\/\/karriero.hu\/ro\/wp-json\/wp\/v2\/pages\/177\/revisions"}],"predecessor-version":[{"id":178,"href":"https:\/\/karriero.hu\/ro\/wp-json\/wp\/v2\/pages\/177\/revisions\/178"}],"wp:attachment":[{"href":"https:\/\/karriero.hu\/ro\/wp-json\/wp\/v2\/media?parent=177"}],"curies":[{"name":"wp","href":"https:\/\/api.w.org\/{rel}","templated":true}]}}