{"id":184,"date":"2022-08-23T07:41:11","date_gmt":"2022-08-23T07:41:11","guid":{"rendered":"https:\/\/karriero.hu\/?page_id=184"},"modified":"2023-01-21T15:57:32","modified_gmt":"2023-01-21T14:57:32","slug":"munkavallaloi-regisztracio","status":"publish","type":"page","link":"https:\/\/karriero.hu\/ro\/munkavallaloi-regisztracio\/","title":{"rendered":"\u00cenregistrare persoane \u00een c\u0103utarea unui loc de munc\u0103"},"content":{"rendered":"<div id=\"jsjobs-main-up-wrapper\">\n<div id=\"jsjobs-header-main-wrapper\"><a class=\"headerlinks\" href=\"https:\/\/karriero.hu\/ro\/munkavallaloi-regisztracio\/jobseeker-control-panel?_wpnonce=1f14976af6\">Panoul de control<\/a><a class=\"headerlinks\" href=\"https:\/\/karriero.hu\/ro\/munkavallaloi-regisztracio\/job-categories?_wpnonce=ed7ceb2837\">Joburi pe categorii<\/a><a class=\"headerlinks\" href=\"https:\/\/karriero.hu\/ro\/munkavallaloi-regisztracio\/job-search?_wpnonce=38fcde72b0\">Cautare locuri de munca<\/a><a class=\"headerlinks\" href=\"https:\/\/karriero.hu\/ro\/munkavallaloi-regisztracio\/newest-jobs?_wpnonce=44ccc07abb\">Cele mai noi locuri de munca<\/a><a class=\"headerlinks\" href=\"https:\/\/karriero.hu\/ro\/munkavallaloi-regisztracio\/my-resumes?_wpnonce=a4c54d22ad\">CV-ul meu<\/a><\/div>        <!-- registration form fields -->\n    <div id=\"jsjobs-wrapper\">\n        <div class=\"page_heading\">\n            Register New Account        <\/div>\n                <form id=\"jsjobs_registration_form\" class=\"jsjobs_form\" action=\"\" method=\"POST\" data-trp-original-action=\"\">\n            <fieldset>\n                <p>\n                    <label for=\"jsjobs_user_Login\">Nume utilizator*<\/label>\n                    <input name=\"jsjobs_user_login\" id=\"jsjobs_user_login\" class=\"required\" type=\"text\"\/>\n                <\/p>\n                <p>\n                    <label for=\"jsjobs_user_email\">Email*<\/label>\n                    <input name=\"jsjobs_user_email\" id=\"jsjobs_user_email\" class=\"required\" type=\"email\"\/>\n                <\/p>\n                <p>\n                    <label for=\"jsjobs_user_first\">First name<\/label>\n                    <input name=\"jsjobs_user_first\" id=\"jsjobs_user_first\" type=\"text\"\/>\n                <\/p>\n                <p>\n                    <label for=\"jsjobs_user_last\">Last name<\/label>\n                    <input name=\"jsjobs_user_last\" id=\"jsjobs_user_last\" type=\"text\"\/>\n                <\/p>\n                <p>\n                    <label for=\"password\">Parol\u0103*<\/label>\n                    <input name=\"jsjobs_user_pass\" id=\"password\" class=\"required\" type=\"password\"\/>\n                <\/p>\n                <p>\n                    <label for=\"password_again\">Password Again*<\/label>\n                    <input name=\"jsjobs_user_pass_confirm\" id=\"password_again\" class=\"required\" type=\"password\"\/>\n                <\/p>\n                <p>\n                            <label>User role&nbsp;&nbsp;&nbsp;&nbsp;&nbsp;<\/label>\n                    <input type=\"hidden\" name=\"jobs_role\" value=\"2\" \/>\n            <span>De locuri de munca Seeker<\/span><br \/>\n            \n                                        <input type=\"hidden\" name=\"jsjobs_jobs_register_nonce\" value=\"063634e3d3\"\/>\n                    <div id=\"save\">\n                        <input type=\"submit\" id=\"save\" value=\"Register New Account\"\/>\n                    <\/div>\n                <\/p>\n            <\/fieldset>\n        <input type=\"hidden\" name=\"trp-form-language\" value=\"ro\"\/><\/form>\n    <\/div>\n        <\/div>\n\n<p style=\"text-align: center;\">Feliratkoz\u00e1s a friss aj\u00e1nlatokr\u00f3l sz\u00f3l\u00f3 h\u00edrlev\u00e9lre.<\/p>\n<div class=\"tnp tnp-subscription\">\n<form method=\"post\" action=\"https:\/\/karriero.hu\/wp-admin\/admin-ajax.php?action=tnp&amp;na=s\">\n<input type=\"hidden\" name=\"nlang\" value=\"\">\n<div class=\"tnp-field tnp-field-firstname\"><label for=\"tnp-1\">Keresztn\u00e9v vagy teljes n\u00e9v<\/label>\n<input class=\"tnp-name\" type=\"text\" name=\"nn\" id=\"tnp-1\" value=\"\" placeholder=\"\"><\/div>\n<div class=\"tnp-field tnp-field-email\"><label for=\"tnp-2\">Email<\/label>\n<input class=\"tnp-email\" type=\"email\" name=\"ne\" id=\"tnp-2\" value=\"\" placeholder=\"\" required><\/div>\n<div class=\"tnp-field tnp-privacy-field\"><label><input type=\"checkbox\" name=\"ny\" required class=\"tnp-privacy\"> Ha folytatod, azzal elfogadod az adatv\u00e9delmi ir\u00e1nyelvet<\/label><\/div><div class=\"tnp-field tnp-field-button\" style=\"text-align: left\"><input class=\"tnp-submit\" type=\"submit\" value=\"Feliratkoz\u00e1s\" style=\"\">\n<\/div>\n<\/form>\n<\/div>","protected":false},"excerpt":{"rendered":"<p>Feliratkoz\u00e1s a friss aj\u00e1nlatokr\u00f3l sz\u00f3l\u00f3 h\u00edrlev\u00e9lre.<\/p>","protected":false},"author":1,"featured_media":0,"parent":0,"menu_order":0,"comment_status":"closed","ping_status":"closed","template":"","meta":{"ngg_post_thumbnail":0,"footnotes":""},"class_list":["post-184","page","type-page","status-publish","hentry"],"a3_pvc":{"activated":false,"total_views":1052,"today_views":1},"_links":{"self":[{"href":"https:\/\/karriero.hu\/ro\/wp-json\/wp\/v2\/pages\/184","targetHints":{"allow":["GET"]}}],"collection":[{"href":"https:\/\/karriero.hu\/ro\/wp-json\/wp\/v2\/pages"}],"about":[{"href":"https:\/\/karriero.hu\/ro\/wp-json\/wp\/v2\/types\/page"}],"author":[{"embeddable":true,"href":"https:\/\/karriero.hu\/ro\/wp-json\/wp\/v2\/users\/1"}],"replies":[{"embeddable":true,"href":"https:\/\/karriero.hu\/ro\/wp-json\/wp\/v2\/comments?post=184"}],"version-history":[{"count":4,"href":"https:\/\/karriero.hu\/ro\/wp-json\/wp\/v2\/pages\/184\/revisions"}],"predecessor-version":[{"id":389,"href":"https:\/\/karriero.hu\/ro\/wp-json\/wp\/v2\/pages\/184\/revisions\/389"}],"wp:attachment":[{"href":"https:\/\/karriero.hu\/ro\/wp-json\/wp\/v2\/media?parent=184"}],"curies":[{"name":"wp","href":"https:\/\/api.w.org\/{rel}","templated":true}]}}