{"id":251,"date":"2022-12-06T18:44:50","date_gmt":"2022-12-06T18:44:50","guid":{"rendered":"https:\/\/karriero.hu\/?page_id=251"},"modified":"2022-12-16T07:37:14","modified_gmt":"2022-12-16T07:37:14","slug":"korosok-korul","status":"publish","type":"page","link":"https:\/\/karriero.hu\/ro\/korosok-korul\/","title":{"rendered":"De pe Cri\u0219ul Alb"},"content":{"rendered":"<div class=\"wp-block-image\">\n<figure class=\"alignleft is-resized\"><img loading=\"lazy\" decoding=\"async\" src=\"https:\/\/karriero.hu\/wp-content\/uploads\/2022\/12\/ex_crisius_logo_nagy-300x286.png\" alt=\"\" class=\"wp-image-227\" width=\"69\" height=\"66\" srcset=\"https:\/\/karriero.hu\/wp-content\/uploads\/2022\/12\/ex_crisius_logo_nagy-300x286.png 300w, https:\/\/karriero.hu\/wp-content\/uploads\/2022\/12\/ex_crisius_logo_nagy-13x12.png 13w, https:\/\/karriero.hu\/wp-content\/uploads\/2022\/12\/ex_crisius_logo_nagy.png 705w\" sizes=\"auto, (max-width: 69px) 100vw, 69px\" \/><\/figure>\n<\/div>\n\n\n<p>Funda\u021bia K\u00f6r\u00f6s-Maros \u0219i Asocia\u021bia Excelsior din Arad \u00een cadrul proiectului ROHU-380 <strong>\u201eEducarea adul\u021bilor \u00een domeniul vie\u021bii s\u0103n\u0103toase \u0219i a mediului de via\u021b\u0103 sustenabil\u201d<\/strong> a creat un brand transfrontalier pentru jude\u021bele B\u00e9k\u00e9s-Arad.\nDorim s\u0103 sprijinim marketingul comun ale antreprenorilor locali, care produc alimente, proceseaz\u0103 produse, realizeaz\u0103 obiecte de artizanat. Scopul nostru este de a prezenta \u00eempreun\u0103 produsele locale la expozi\u021biile \u0219i t\u00e2rgurile din cele dou\u0103 \u021b\u0103ri, promov\u00e2nd astfel produsele locale pentru a ajunge pe pia\u021b\u0103, construind noi parteneriate \u0219i \u00eembun\u0103t\u0103\u021bind calitatea vie\u021bii oamenilor care locuiesc aici.<\/p>\n\n\n\n<p>Dorim s\u0103 sprijinim marketingul comun ale antreprenorilor locali, care produc alimente, proceseaz\u0103\nproduse, realizeaz\u0103 obiecte de artizanat. Scopul nostru este de a prezenta \u00eempreun\u0103 produsele locale\nla expozi\u021biile \u0219i t\u00e2rgurile din cele dou\u0103 \u021b\u0103ri, promov\u00e2nd astfel produsele locale pentru a ajunge pe\npia\u021b\u0103, construind noi parteneriate \u0219i \u00eembun\u0103t\u0103\u021bind calitatea vie\u021bii oamenilor care locuiesc aici.<\/p>\n\n\n\n<p>A\u0219tept\u0103m cererile p\u0103r\u021bilor interesate, furniz\u00e2nd urm\u0103toarele informa\u021bii:<\/p>\n\n\n\n<div style=\"display:none\" class=\"fm-form-container fm-theme1\"><div id=\"fm-pages6\" class=\"fm-pages wdform_page_navigation\" show_title=\"\" show_numbers=\"1\" type=\"none\"><\/div><form name=\"form6\" action=\"\/ro\/wp-json\/wp\/v2\/pages\/251\" method=\"post\" id=\"form6\" class=\"fm-form form6\" enctype=\"multipart\/form-data\" data-trp-original-action=\"\/ro\/wp-json\/wp\/v2\/pages\/251\"><input type=\"hidden\" id=\"fm_page_id6\" value=\"251\" name=\"fm_page_id6\" \/><input type=\"hidden\" id=\"fm_current_post_type6\" value=\"page\" name=\"fm_current_post_type6\" \/><input type=\"hidden\" id=\"counter6\" value=\"7\" name=\"counter6\" \/><input type=\"hidden\" id=\"Itemid6\" value=\"\" name=\"Itemid6\" \/><input type=\"hidden\" id=\"fm_shake6\" value=\"1\" name=\"fm_shake6\" \/><input type=\"text\" class=\"fm-hide\" id=\"fm_empty_field_validation6\" value=\"\" name=\"fm_empty_field_validation6\" data-value=\"bd736efb144d599cf463541431fbf5c4\" \/><div class=\"wdform-page-and-images fm-form-builder\"><div id=\"6form_view1\" class=\"wdform_page\" page_title=\"Untitled page\" next_title=\"Next\" next_type=\"text\" next_class=\"wdform-page-button\" next_checkable=\"true\" previous_title=\"Previous\" previous_type=\"text\" previous_class=\"wdform-page-button\" previous_checkable=\"false\"><div class=\"wdform_section\"><div class=\"wdform_column\"><div wdid=\"2\" class=\"wdform_row\"><div type=\"type_text\" class=\"wdform-field wd-width-100 wd-flex wd-flex-column fm-type_text\" ><div class=\"wdform-label-section wd-width-100  wd-flex-row wd-align-items-center\">    <label  for=\"wdform_2_element6\" class=\"wdform-label\">Nume, numele companiei<\/label><span class=\"wdform-required\">*<\/span><\/div><div class=\"wdform-element-section wd-flex  wd-flex-row wd-align-items-center wd-width-100\" ><input type=\"text\"                           class=\"wd-width-100\"                           id=\"wdform_2_element6\"                           name=\"wdform_2_element6\"                           value=\"\"                           data-value=\"\"                           title=\"\"                           placeholder=\"\"                                                       \/><\/div><\/div><\/div><\/div><div class=\"wdform_column\"><div wdid=\"3\" class=\"wdform_row\"><div type=\"type_text\" class=\"wdform-field wd-width-100 wd-flex wd-flex-column fm-type_text\" ><div class=\"wdform-label-section wd-width-100  wd-flex-row wd-align-items-center\">    <label  for=\"wdform_3_element6\" class=\"wdform-label\">Cod de \u00eenregistrare fiscal\u0103<\/label><span class=\"wdform-required\">*<\/span><\/div><div class=\"wdform-element-section wd-flex  wd-flex-row wd-align-items-center wd-width-100\" ><input type=\"text\"                           class=\"wd-width-100\"                           id=\"wdform_3_element6\"                           name=\"wdform_3_element6\"                           value=\"\"                           data-value=\"\"                           title=\"\"                           placeholder=\"\"                                                       \/><\/div><\/div><\/div><\/div><div class=\"wdform_column\"><div wdid=\"4\" class=\"wdform_row\"><div type=\"type_text\" class=\"wdform-field wd-width-100 wd-flex wd-flex-column fm-type_text\" ><div class=\"wdform-label-section wd-width-100  wd-flex-row wd-align-items-center\">    <label  for=\"wdform_4_element6\" class=\"wdform-label\">sediu<\/label><span class=\"wdform-required\">*<\/span><\/div><div class=\"wdform-element-section wd-flex  wd-flex-row wd-align-items-center wd-width-100\" ><input type=\"text\"                           class=\"wd-width-100\"                           id=\"wdform_4_element6\"                           name=\"wdform_4_element6\"                           value=\"\"                           data-value=\"\"                           title=\"\"                           placeholder=\"\"                                                       \/><\/div><\/div><\/div><\/div><div class=\"wdform_column\"><div wdid=\"5\" class=\"wdform_row\"><div type=\"type_text\" class=\"wdform-field wd-width-100 wd-flex wd-flex-column fm-type_text\" ><div class=\"wdform-label-section wd-width-100  wd-flex-row wd-align-items-center\">    <label  for=\"wdform_5_element6\" class=\"wdform-label\">produse, grupe de produse<\/label><span class=\"wdform-required\">*<\/span><\/div><div class=\"wdform-element-section wd-flex  wd-flex-row wd-align-items-center wd-width-100\" ><input type=\"text\"                           class=\"wd-width-100\"                           id=\"wdform_5_element6\"                           name=\"wdform_5_element6\"                           value=\"\"                           data-value=\"\"                           title=\"\"                           placeholder=\"\"                                                       \/><\/div><\/div><\/div><\/div><div class=\"wdform_column\"><div wdid=\"6\" class=\"wdform_row\"><div type=\"type_submitter_mail\" class=\"wdform-field wd-width-100 wd-flex wd-flex-column fm-type_submitter_mail\" ><div class=\"wdform-label-section wd-width-100  wd-flex-row\">    <label  for=\"wdform_6_element6\" class=\"wdform-label\">Email<\/label><span class=\"wdform-required\">*<\/span><\/div><div class=\"wdform-element-section wd-flex  wd-flex-row wd-width-100\" ><input type=\"text\" class=\"wd-width-100\" id=\"wdform_6_element6\" name=\"wdform_6_element6\" data-value=\"\" value=\"\" title=\"\" placeholder=\"\"   onchange=\"wd_check_email('6', '6', 'Aceasta nu este o adres\u0103 de e-mail valid\u0103.')\" \/><\/div><\/div><\/div><\/div><div class=\"wdform_column\"><div wdid=\"1\" class=\"wdform_row\"><div type=\"type_submit_reset\" class=\"wdform-field wd-width-100 wd-flex wd-flex-column fm-type_submit_reset\" ><div class=\"wdform-element-section wd-flex  wd-flex-row wd-justify-content-left wd-width-100\" ><button  type=\"button\" class=\"button-submit\" onclick=\"fm_submit_form('6');\"  attribute=\"value\" data-ajax=\"0\"><span class=\"fm-submit-loading spinner fm-ico-spinner\"><\/span>Trimitere<\/button><button  type=\"button\" class=\"button-reset wd-hidden\" onclick=\"fm_reset_form(6);\"  attribute=\"value\">Vissza<\/button><\/div><\/div><\/div><\/div><\/div><div valign=\"top\" class=\"wdform_footer wd-width-100\"><div class=\"wd-width-100\"><div class=\"wd-width-100 wd-table\" style=\"padding-top:10px;\"><div class=\"wd-table-group\"><div id=\"6page_nav1\" class=\"wd-table-row\"><\/div><\/div><\/div><\/div><\/div><\/div><\/div><div class=\"wdform_preload\"><\/div><input type=\"hidden\" name=\"fm-current-page\" value=\"https:\/\/karriero.hu\/ro\/wp-json\/wp\/v2\/pages\/251\" \/><input type=\"hidden\" name=\"trp-form-language\" value=\"ro\"\/><\/form><\/div>\n\n\n\n<figure class=\"wp-block-gallery has-nested-images columns-3 is-cropped wp-block-gallery-1 is-layout-flex wp-block-gallery-is-layout-flex\">\n<figure class=\"wp-block-image size-large\"><img loading=\"lazy\" decoding=\"async\" width=\"800\" height=\"600\" data-id=\"241\" src=\"https:\/\/karriero.hu\/wp-content\/uploads\/2022\/12\/brand_1206_01.jpg\" alt=\"\" class=\"wp-image-241\" srcset=\"https:\/\/karriero.hu\/wp-content\/uploads\/2022\/12\/brand_1206_01.jpg 800w, https:\/\/karriero.hu\/wp-content\/uploads\/2022\/12\/brand_1206_01-300x225.jpg 300w, https:\/\/karriero.hu\/wp-content\/uploads\/2022\/12\/brand_1206_01-768x576.jpg 768w, https:\/\/karriero.hu\/wp-content\/uploads\/2022\/12\/brand_1206_01-16x12.jpg 16w\" sizes=\"auto, (max-width: 800px) 100vw, 800px\" \/><\/figure>\n\n\n\n<figure class=\"wp-block-image size-large\"><img loading=\"lazy\" decoding=\"async\" width=\"800\" height=\"600\" data-id=\"242\" src=\"https:\/\/karriero.hu\/wp-content\/uploads\/2022\/12\/brand_1206_02.jpg\" alt=\"\" class=\"wp-image-242\" srcset=\"https:\/\/karriero.hu\/wp-content\/uploads\/2022\/12\/brand_1206_02.jpg 800w, https:\/\/karriero.hu\/wp-content\/uploads\/2022\/12\/brand_1206_02-300x225.jpg 300w, https:\/\/karriero.hu\/wp-content\/uploads\/2022\/12\/brand_1206_02-768x576.jpg 768w, https:\/\/karriero.hu\/wp-content\/uploads\/2022\/12\/brand_1206_02-16x12.jpg 16w\" sizes=\"auto, (max-width: 800px) 100vw, 800px\" \/><\/figure>\n\n\n\n<figure class=\"wp-block-image size-large\"><img loading=\"lazy\" decoding=\"async\" width=\"800\" height=\"600\" data-id=\"243\" src=\"https:\/\/karriero.hu\/wp-content\/uploads\/2022\/12\/brand_1206_03.jpg\" alt=\"\" class=\"wp-image-243\" srcset=\"https:\/\/karriero.hu\/wp-content\/uploads\/2022\/12\/brand_1206_03.jpg 800w, https:\/\/karriero.hu\/wp-content\/uploads\/2022\/12\/brand_1206_03-300x225.jpg 300w, https:\/\/karriero.hu\/wp-content\/uploads\/2022\/12\/brand_1206_03-768x576.jpg 768w, https:\/\/karriero.hu\/wp-content\/uploads\/2022\/12\/brand_1206_03-16x12.jpg 16w\" sizes=\"auto, (max-width: 800px) 100vw, 800px\" \/><\/figure>\n\n\n\n<figure class=\"wp-block-image size-large\"><img loading=\"lazy\" decoding=\"async\" width=\"800\" height=\"600\" data-id=\"244\" src=\"https:\/\/karriero.hu\/wp-content\/uploads\/2022\/12\/brand_1206_04.jpg\" alt=\"\" class=\"wp-image-244\" srcset=\"https:\/\/karriero.hu\/wp-content\/uploads\/2022\/12\/brand_1206_04.jpg 800w, https:\/\/karriero.hu\/wp-content\/uploads\/2022\/12\/brand_1206_04-300x225.jpg 300w, https:\/\/karriero.hu\/wp-content\/uploads\/2022\/12\/brand_1206_04-768x576.jpg 768w, https:\/\/karriero.hu\/wp-content\/uploads\/2022\/12\/brand_1206_04-16x12.jpg 16w\" sizes=\"auto, (max-width: 800px) 100vw, 800px\" \/><\/figure>\n\n\n\n<figure class=\"wp-block-image size-large\"><img loading=\"lazy\" decoding=\"async\" width=\"800\" height=\"600\" data-id=\"245\" src=\"https:\/\/karriero.hu\/wp-content\/uploads\/2022\/12\/brand_1206_05.jpg\" alt=\"\" class=\"wp-image-245\" srcset=\"https:\/\/karriero.hu\/wp-content\/uploads\/2022\/12\/brand_1206_05.jpg 800w, https:\/\/karriero.hu\/wp-content\/uploads\/2022\/12\/brand_1206_05-300x225.jpg 300w, https:\/\/karriero.hu\/wp-content\/uploads\/2022\/12\/brand_1206_05-768x576.jpg 768w, https:\/\/karriero.hu\/wp-content\/uploads\/2022\/12\/brand_1206_05-16x12.jpg 16w\" sizes=\"auto, (max-width: 800px) 100vw, 800px\" \/><\/figure>\n<\/figure>","protected":false},"excerpt":{"rendered":"<p>A K\u00f6r\u00f6s-Maros Vid\u00e9kfejleszt\u00e9si \u00e9s \u00d6kogazd\u00e1lkod\u00e1si Alap\u00edtv\u00e1ny \u00e9s az aradi Excelsior Egyes\u00fclet a ROHU-380 sz\u00e1m\u00fa \u201eFeln\u0151ttk\u00e9pz\u00e9s az eg\u00e9szs\u00e9ges \u00e9letm\u00f3d \u00e9s a fenntarthat\u00f3 k\u00f6rnyezet ter\u00fclet\u00e9n\u201d (Verba Docent)&hellip;<\/p>","protected":false},"author":1,"featured_media":0,"parent":0,"menu_order":0,"comment_status":"closed","ping_status":"closed","template":"","meta":{"ngg_post_thumbnail":0,"footnotes":""},"class_list":["post-251","page","type-page","status-publish","hentry"],"a3_pvc":{"activated":false,"total_views":111,"today_views":0},"_links":{"self":[{"href":"https:\/\/karriero.hu\/ro\/wp-json\/wp\/v2\/pages\/251","targetHints":{"allow":["GET"]}}],"collection":[{"href":"https:\/\/karriero.hu\/ro\/wp-json\/wp\/v2\/pages"}],"about":[{"href":"https:\/\/karriero.hu\/ro\/wp-json\/wp\/v2\/types\/page"}],"author":[{"embeddable":true,"href":"https:\/\/karriero.hu\/ro\/wp-json\/wp\/v2\/users\/1"}],"replies":[{"embeddable":true,"href":"https:\/\/karriero.hu\/ro\/wp-json\/wp\/v2\/comments?post=251"}],"version-history":[{"count":5,"href":"https:\/\/karriero.hu\/ro\/wp-json\/wp\/v2\/pages\/251\/revisions"}],"predecessor-version":[{"id":265,"href":"https:\/\/karriero.hu\/ro\/wp-json\/wp\/v2\/pages\/251\/revisions\/265"}],"wp:attachment":[{"href":"https:\/\/karriero.hu\/ro\/wp-json\/wp\/v2\/media?parent=251"}],"curies":[{"name":"wp","href":"https:\/\/api.w.org\/{rel}","templated":true}]}}