{"id":75,"date":"2022-05-05T07:43:03","date_gmt":"2022-05-05T07:43:03","guid":{"rendered":"https:\/\/karriero.hu\/?page_id=75"},"modified":"2022-12-06T09:32:59","modified_gmt":"2022-12-06T09:32:59","slug":"ceginformacio","status":"publish","type":"page","link":"https:\/\/karriero.hu\/ro\/ceginformacio\/","title":{"rendered":"Informa\u021bii despre companie"},"content":{"rendered":"<p>K\u00f6r\u00f6s-Maros Vid\u00e9kfejleszt\u00e9si \u00e9s \u00d6kogazd\u00e1lkod\u00e1si Alap\u00edtv\u00e1ny (K\u00f6r\u00f6s-Maros Foundation for Organic Farming and Rural Development)<\/p>\n<p>Sediu: 5711 Gyula, K\u00fclter\u00fclet 4.<\/p>\n<p>Reprezentant legal: Dr. R\u00e1ki Ferencn\u00e9 kurat\u00f3riumi eln\u00f6k<\/p>\n<p>Cod de \u00eenregistrare fiscal\u0103: 18387830-2-04<\/p>\n<p>Num\u0103r de ordine \u00een registrul comer\u021bului: 04-01-0002270<\/p>\n<p>Mai multe informa\u021bii <a href=\"https:\/\/birosag.hu\/civil-szervezetek-nevjegyzeke\" target=\"_blank\" rel=\"noopener\">\u00een Registrul na\u021bional ONG<\/a> .<\/p>","protected":false},"excerpt":{"rendered":"<p>K\u00f6r\u00f6s-Maros Vid\u00e9kfejleszt\u00e9si \u00e9s \u00d6kogazd\u00e1lkod\u00e1si Alap\u00edtv\u00e1ny (K\u00f6r\u00f6s-Maros Foundation for Organic Farming and Rural Development) Sz\u00e9khelye: 5711 Gyula, K\u00fclter\u00fclet 4. K\u00e9pviseli: Dr. R\u00e1ki Ferencn\u00e9 kurat\u00f3riumi eln\u00f6k Ad\u00f3sz\u00e1ma:&hellip;<\/p>","protected":false},"author":1,"featured_media":0,"parent":0,"menu_order":0,"comment_status":"closed","ping_status":"closed","template":"","meta":{"ngg_post_thumbnail":0,"footnotes":""},"class_list":["post-75","page","type-page","status-publish","hentry"],"a3_pvc":{"activated":false,"total_views":93,"today_views":0},"_links":{"self":[{"href":"https:\/\/karriero.hu\/ro\/wp-json\/wp\/v2\/pages\/75","targetHints":{"allow":["GET"]}}],"collection":[{"href":"https:\/\/karriero.hu\/ro\/wp-json\/wp\/v2\/pages"}],"about":[{"href":"https:\/\/karriero.hu\/ro\/wp-json\/wp\/v2\/types\/page"}],"author":[{"embeddable":true,"href":"https:\/\/karriero.hu\/ro\/wp-json\/wp\/v2\/users\/1"}],"replies":[{"embeddable":true,"href":"https:\/\/karriero.hu\/ro\/wp-json\/wp\/v2\/comments?post=75"}],"version-history":[{"count":2,"href":"https:\/\/karriero.hu\/ro\/wp-json\/wp\/v2\/pages\/75\/revisions"}],"predecessor-version":[{"id":238,"href":"https:\/\/karriero.hu\/ro\/wp-json\/wp\/v2\/pages\/75\/revisions\/238"}],"wp:attachment":[{"href":"https:\/\/karriero.hu\/ro\/wp-json\/wp\/v2\/media?parent=75"}],"curies":[{"name":"wp","href":"https:\/\/api.w.org\/{rel}","templated":true}]}}