{"id":77,"date":"2022-05-05T07:43:53","date_gmt":"2022-05-05T07:43:53","guid":{"rendered":"https:\/\/karriero.hu\/?page_id=77"},"modified":"2022-05-05T07:43:53","modified_gmt":"2022-05-05T07:43:53","slug":"adatvedelmi-tajekoztato","status":"publish","type":"page","link":"https:\/\/karriero.hu\/ro\/adatvedelmi-tajekoztato\/","title":{"rendered":"Politica de confiden\u021bialitate"},"content":{"rendered":"<p>Datele personale ale vizitatorilor site-ului Karriero.hu pot fi \u00eenregistrate \u00een baza de date a site-ului \u00een dou\u0103 moduri:<\/p>\n<p>Anumite date tehnice cu privire la calculatorul utilizat de vizitator, browserul folosit, adresa de Internet \u0219i pagina de web vizitat\u0103, sunt generate automat la vizualizarea site-ului.<br \/>\nExist\u0103 cazuri - precum \u00eenregistrarea, aplicarea la diverse anun\u021buri \/ reclame, trimiterea de mesaje - c\u00e2nd vizitatorul website-ului ofer\u0103 \u00een mod con\u0219tient informa\u021bii personale.<\/p>\n<p>Am inten\u021bionat s\u0103 proiect\u0103m site-ul web \u00een conformitate cu politicile privind protec\u021bia datelor \u0219i cerin\u021bele legale.\n \nNe-am str\u0103duit \u0219i ne str\u0103duim s\u0103 ne asigur\u0103m c\u0103 gestionarea datelor cu caracter personal nu se extinde dincolo de m\u0103sura necesar\u0103 pentru utilizarea serviciilor site-ului web \u0219i, dac\u0103 este necesar consim\u021b\u0103m\u00e2ntul vizitatorului, aceasta se face \u00een deplin\u0103 conformitate cu legisla\u021bia aplicabil\u0103.\n\n\u00cen cazul \u00een care \u00eent\u00e2mpina\u021bi disfunc\u021bionalit\u0103\u021bi, v\u0103 rug\u0103m s\u0103 anun\u021ba\u021bi imediat serviciul nostru pentru clien\u021bi, astfel \u00eenc\u00e2t s\u0103 putem lua m\u0103suri de corec\u021bie.<\/p>\n<p>Responsabil pentru gestionarea datele vizitatorilor site-ului nostru este Funda\u021bia pentru Dezvoltare Rural\u0103 \u0219i Dezvoltare Ecologic\u0103 K\u00f6r\u00f6s-Maros, 5711 Gyula, K\u00fclter\u00fclet 4.\n\n\u00cen cazul \u00een care vizitatorul pornind de pe site-ul nostru, navigheaz\u0103 pe un alt site, prelucrarea datelor sale se face pe site-ul respectiv. Bara de navigare a browserului arat\u0103 \u00eentotdeauna de la ce site web provin informa\u021biile afi\u0219ate pe monitor.<\/p>\n<p>Pentru a contacta Karriero, v\u0103 recomand\u0103m adresele \u0219i numerele de telefon ce pot fi g\u0103site \u00een meniu la Serviciu Clien\u021bi.<\/p>\n<p>Aceast\u0103 informare con\u021bine politica despre protec\u021bia datelor legat exclusiv de site-ul web Karriero.hu.\n\nGestionarea datelor personale ale vizitatorilor no\u0219tri face parte din activit\u0103\u021bile noastre de managementul datelor.\n\nFunda\u021bia pentru Dezvoltare Rural\u0103 \u0219i Ecologic\u0103 K\u00f6r\u00f6s-Maros  prin alte activit\u0103\u021bi care nu au leg\u0103tur\u0103 cu site-ul web Karriero.hu, intr\u0103 de asemenea, \u00een contact cu cet\u0103\u021beni \u0219i clien\u021bi ale c\u0103ror date cu caracter personal sunt prelucrate \u0219i protejate de Regulamentul UE 2016\/679 al Parlamentului European \u0219i al Consiliului (Regulamentul general privind protec\u021bia datelor, GDPR), de legea CXII din 2011 privind dreptul la informare, autodeterminare \u0219i libera circula\u021bie  a acestor date, respectiv de Legea \u0219i Regulamentul privind protec\u021bia datelor \u0219i securitatea datelor, emis de pre\u0219edintele Consiliului de administra\u021bie al Funda\u021biei pentru Dezvoltare Rural\u0103 \u0219i Ecologic\u0103 K\u00f6r\u00f6s-Maros.<\/p>\n<p>Dac\u0103 ave\u021bi nevoie de mai multe informa\u021bii despre gestionarea datelor dvs., contacta\u021bi-ne prin e-mail (admin@karriero.hu), prin telefon (+36-66-639-632) sau prin po\u0219t\u0103 (5711 Gyula, K\u00fclter\u00fclet 4.). Persoana responsabil\u0103 cu protec\u021bia datelor: Zsolt R\u00e1ki, asistent manager de proiect.<\/p>","protected":false},"excerpt":{"rendered":"<p>A Karriero honlap l\u00e1togat\u00f3inak szem\u00e9lyes adatai k\u00e9t m\u00f3don ker\u00fclhetnek r\u00f6gz\u00edt\u00e9sre a honlaphoz tartoz\u00f3 adatb\u00e1zisban: Bizonyos, a l\u00e1togat\u00f3 \u00e1ltal haszn\u00e1lt sz\u00e1m\u00edt\u00f3g\u00e9ppel, b\u00f6ng\u00e9sz\u0151programmal, internetes c\u00edmmel \u00e9s a&hellip;<\/p>","protected":false},"author":1,"featured_media":0,"parent":0,"menu_order":0,"comment_status":"closed","ping_status":"closed","template":"","meta":{"ngg_post_thumbnail":0,"footnotes":""},"class_list":["post-77","page","type-page","status-publish","hentry"],"a3_pvc":{"activated":false,"total_views":60,"today_views":0},"_links":{"self":[{"href":"https:\/\/karriero.hu\/ro\/wp-json\/wp\/v2\/pages\/77","targetHints":{"allow":["GET"]}}],"collection":[{"href":"https:\/\/karriero.hu\/ro\/wp-json\/wp\/v2\/pages"}],"about":[{"href":"https:\/\/karriero.hu\/ro\/wp-json\/wp\/v2\/types\/page"}],"author":[{"embeddable":true,"href":"https:\/\/karriero.hu\/ro\/wp-json\/wp\/v2\/users\/1"}],"replies":[{"embeddable":true,"href":"https:\/\/karriero.hu\/ro\/wp-json\/wp\/v2\/comments?post=77"}],"version-history":[{"count":1,"href":"https:\/\/karriero.hu\/ro\/wp-json\/wp\/v2\/pages\/77\/revisions"}],"predecessor-version":[{"id":78,"href":"https:\/\/karriero.hu\/ro\/wp-json\/wp\/v2\/pages\/77\/revisions\/78"}],"wp:attachment":[{"href":"https:\/\/karriero.hu\/ro\/wp-json\/wp\/v2\/media?parent=77"}],"curies":[{"name":"wp","href":"https:\/\/api.w.org\/{rel}","templated":true}]}}