{"id":91,"date":"2022-05-05T12:07:28","date_gmt":"2022-05-05T12:07:28","guid":{"rendered":"https:\/\/karriero.hu\/?page_id=91"},"modified":"2022-12-07T12:49:40","modified_gmt":"2022-12-07T12:49:40","slug":"a-verba-docent-projekt","status":"publish","type":"page","link":"https:\/\/karriero.hu\/ro\/a-verba-docent-projekt\/","title":{"rendered":"A \u201eVerba Docent\u201d projekt"},"content":{"rendered":"<h2><strong>karriero.hu<\/strong><\/h2>\n<p>Site-ul web Karriero.hu a fost creat \u0219i este operat de Funda\u021bia K\u00f6r\u00f6s-Maros pentru Dezvoltare Rural\u0103 \u0219i Agricultur\u0103 Ecologic\u0103 \u00een cadrul proiectului <strong>\u201eEducarea adul\u021bilor \u00een domeniul vie\u021bii s\u0103n\u0103toase \u0219i a mediului de via\u021b\u0103 sustenabil\u201d<\/strong> (Verba Docent), \u00een primul r\u00e2nd pentru a facilita g\u0103sirea unui loc de munc\u0103 pentru persoanele care locuiesc \u00een regiunea transfrontalier\u0103 rom\u00e2no-maghiar\u0103.\n\nAnun\u021burile de angajare pot fi postate pe site-ul karriero.hu de c\u0103tre companii \u0219i organiza\u021bii care caut\u0103 for\u021b\u0103 de munc\u0103. Anun\u021burile pot fi vizualizate \u00een limba maghiar\u0103 \u0219i rom\u00e2n\u0103. Persoanele care sunt \u00een c\u0103utarea unui loc de munc\u0103 pot folosi diverse filtre pentru a g\u0103si cele mai ideale oferte pentru ei.<\/p>\n<h3 class=\" translation-block\"><p><p><\/h3>\n<p>Programul Interreg V-A Rom\u00e2nia-Ungaria 2014-2020 sprijin\u0103 cooperarea institu\u021biilor \u0219i organiza\u021biilor civile din regiunea transfrontalier\u0103 rom\u00e2no-maghiare. Beneficiarul proiectului ROHU-380 \u00eentitulat \u201eEducarea adul\u021bilor \u00een domeniul vie\u021bii s\u0103n\u0103toase \u0219i a mediului de via\u021b\u0103 sustenabil\u201d este Asocia\u0163ia pentru Promovarea Valorilor Naturale \u015fi Culturale ale Banatului \u015fi Cri\u015fanei \u201eEXCELSIOR\u201d din Arad \u00een parteneriat cu Funda\u021bia K\u00f6r\u00f6s-Maros din Gyula.\n\nBugetul proiectului este de 2.987.377 euro; din care sum\u0103 de 2.539.377 euro este asigurat\u0103 de Fondul European de Dezvoltare Regional\u0103 (FEDR), iar cofinan\u021barea na\u021bional\u0103 a Ungariei \u0219i Rom\u00e2niei este \u00een valoare de 352.551 euro.<\/p>\n<p>Scopul proiectului, care va este implementat \u00een perioada 1 martie 2019 \u2013 31 decembrie 2022, este \u00eembun\u0103t\u0103\u021birea ocup\u0103rii for\u021bei de munc\u0103 \u0219i promovarea mobilit\u0103\u021bii transfrontaliere a for\u021bei de munc\u0103, \u00een primul r\u00e2nd \u00een jude\u021bele Arad \u0219i B\u00e9k\u00e9s.<\/p>\n<p>Pentru a ne atinge obiectivul, am organizat cursuri \u0219i t\u00e2rguri de locuri de munc\u0103 cu implicarea institu\u021biilor de \u00eenv\u0103\u021b\u0103m\u00e2nt \u0219i a angajatorilor din zon\u0103 pentru persoanele defavorizate aflate \u00een c\u0103utarea unui loc de munc\u0103. Am oferit acestor persoane posibilitatea de a se instrui \u00een mod gratuit \u00een calific\u0103ri, profesii recunoscute de stat, cresc\u00e2nd astfel \u0219ansa de angajare \u00een regiune.\n\u00cen perioada 2020-2022, am organizat urm\u0103toarele cursuri de formare: \u00cengrijitor de animale, Agricultor, Operator aparate de muls, Legumicultor, Informatic\u0103 (ECDL), Mecanic ma\u0219ini agricole, Permis de conducere pentru tractor, Limba rom\u00e2n\u0103 \u0219i englez\u0103, Preparator bere, Stivuitorist, Procesator de fructe \u0219i legume, Lucr\u0103tor \u00een gr\u0103din\u0103, V\u00e2nz\u0103tor de alimente.<\/p>\n<p>\u00cen august \u0219i septembrie 2021, am organizat t\u00e2rguri de locuri de munc\u0103 \u00een patru loca\u021bii, cu participarea a peste 200 de persoane \u00een c\u0103utarea unui loc de munc\u0103 \u0219i a 25 de companii.<\/p>\n<p>\u00a0<\/p>\n<p>Am \u00eenfiin\u021bat centre de \u00eenv\u0103\u021b\u0103m\u00e2nt \u00een Gyula \u0219i Arad, unde au avut loc unele dintre cursuri, \u0219i am putut asigura cazare pentru participan\u021bii la cursuri.<\/p>\n<h3><strong>Funda\u021bia K\u00f6r\u00f6s-Maros<\/strong><\/h3>\n<p>Funda\u021bia K\u00f6r\u00f6s-Maros pentru Dezvoltare Rural\u0103 \u0219i Agricultur\u0103 Ecologic\u0103 a fost \u00eenfiin\u021bat\u0103 \u00een 2003 din activele fondatorii societ\u0103\u021bii K\u00f6r\u00f6s-Maros Biofarm SRL pentru a implementa obiectivele companiei \u0219i ale proprietarilor s\u0103i  \u00een domeniul caritativ \u0219i de beneficiu public \u00een zona Gyulav\u00e1ri din Gyula.<\/p>\n<p>Statutul Funda\u021biei include urm\u0103toarele obiective:<\/p>\n<p>Promovarea produc\u021biei agricole durabile, promovarea agriculturii ecologice, sprijinirea fermierilor ecologici \u00een produc\u021bie \u0219i comercializare, servicii pentru agricultori ecologici,  diseminarea rezultatelor experimentale, explorarea oportunit\u0103\u021bilor de angajare pentru grupurile defavorizate, organizarea de schimburi de experien\u021b\u0103 \u0219i organizare cursuri, salvarea castelului Gyulav\u00e1ri, conservarea \u0219i promovarea valorilor culturale.<\/p>\n<p>Unul dintre obiectivele prioritare ale Funda\u021biei este educa\u021bia \u0219i formarea, \u00een atingerea acestui scop funda\u021bia a implementat \u00een mai multe r\u00e2nduri instruiri \u00een domeniul agriculturii ecologice, conservarea naturii \u0219i durabilitatea, \u00een principal cu ajutorul granturilor Uniunii Europene.<\/p>\n<p>Renovarea castelului Wenckheim-Alm\u00e1ssy din Gyulav\u00e1ri a fost realizat\u0103 de asemenea printr-un proiect cu finan\u021bare nerambursabil\u0103, \u00een cadrul programului ROP 1.1.3, 2004-2007 \u0219i de atunci Centrul de Vizitare al Castelului Gyulav\u00e1ri func\u021bioneaz\u0103 ca centru expozi\u021bional \u0219i cultural, devenind un punct de reper important pentru programele comunitare, \u00een special pentru locuitorii cartierului Gyulav\u00e1ri.<\/p>\n<p>Cu Asocia\u021bia Excelsior din Arad, implement\u0103m cu succes proiecte ale Uniunii Europene din 2012 \u00een domeniile protec\u021biei mediului, dezvolt\u0103rii durabile, educa\u021biei, at\u00e2t pentru copii, c\u00e2t \u0219i pentru adul\u021bi. \u00cen 2015, \u00een parcul castelului Gyulav\u00e1ri a fost \u00eenfiin\u021bat un centru de conservare a naturii, denumit X-Park \u0219i \u0218coala Verde, care este o loca\u021bie ideal\u0103 pentru diverse evenimente \u00een aer liber.<\/p>\n\n\n<div class=\"wp-block-columns is-layout-flex wp-block-columns-is-layout-flex\">\n<div class=\"wp-block-column is-layout-flow wp-block-column-is-layout-flow\" style=\"flex-basis:100%\">\n<div class=\"wp-block-group\"><div class=\"wp-block-group__inner-container is-layout-flow wp-block-group-is-layout-flow\">\n<figure class=\"wp-block-gallery has-nested-images columns-2 is-cropped wp-block-gallery-1 is-layout-flex wp-block-gallery-is-layout-flex\">\n<figure class=\"wp-block-image size-large is-style-default\"><img loading=\"lazy\" decoding=\"async\" width=\"800\" height=\"437\" data-id=\"260\" src=\"https:\/\/karriero.hu\/wp-content\/uploads\/2022\/12\/vb_1207_01.jpg\" alt=\"\" class=\"wp-image-260\" srcset=\"https:\/\/karriero.hu\/wp-content\/uploads\/2022\/12\/vb_1207_01.jpg 800w, https:\/\/karriero.hu\/wp-content\/uploads\/2022\/12\/vb_1207_01-300x164.jpg 300w, https:\/\/karriero.hu\/wp-content\/uploads\/2022\/12\/vb_1207_01-768x420.jpg 768w, https:\/\/karriero.hu\/wp-content\/uploads\/2022\/12\/vb_1207_01-18x10.jpg 18w\" sizes=\"auto, (max-width: 800px) 100vw, 800px\" \/><\/figure>\n\n\n\n<figure class=\"wp-block-image size-large\"><img loading=\"lazy\" decoding=\"async\" width=\"800\" height=\"600\" data-id=\"258\" src=\"https:\/\/karriero.hu\/wp-content\/uploads\/2022\/12\/vb_1207_02.jpg\" alt=\"\" class=\"wp-image-258\" srcset=\"https:\/\/karriero.hu\/wp-content\/uploads\/2022\/12\/vb_1207_02.jpg 800w, https:\/\/karriero.hu\/wp-content\/uploads\/2022\/12\/vb_1207_02-300x225.jpg 300w, https:\/\/karriero.hu\/wp-content\/uploads\/2022\/12\/vb_1207_02-768x576.jpg 768w, https:\/\/karriero.hu\/wp-content\/uploads\/2022\/12\/vb_1207_02-16x12.jpg 16w\" sizes=\"auto, (max-width: 800px) 100vw, 800px\" \/><\/figure>\n\n\n\n<figure class=\"wp-block-image size-large\"><img loading=\"lazy\" decoding=\"async\" width=\"800\" height=\"600\" data-id=\"261\" src=\"https:\/\/karriero.hu\/wp-content\/uploads\/2022\/12\/vb_1207_03.jpg\" alt=\"\" class=\"wp-image-261\" srcset=\"https:\/\/karriero.hu\/wp-content\/uploads\/2022\/12\/vb_1207_03.jpg 800w, https:\/\/karriero.hu\/wp-content\/uploads\/2022\/12\/vb_1207_03-300x225.jpg 300w, https:\/\/karriero.hu\/wp-content\/uploads\/2022\/12\/vb_1207_03-768x576.jpg 768w, https:\/\/karriero.hu\/wp-content\/uploads\/2022\/12\/vb_1207_03-16x12.jpg 16w\" sizes=\"auto, (max-width: 800px) 100vw, 800px\" \/><\/figure>\n\n\n\n<figure class=\"wp-block-image size-large\"><img loading=\"lazy\" decoding=\"async\" width=\"768\" height=\"1024\" data-id=\"259\" src=\"https:\/\/karriero.hu\/wp-content\/uploads\/2022\/12\/vb_1207_04-768x1024.jpg\" alt=\"\" class=\"wp-image-259\" srcset=\"https:\/\/karriero.hu\/wp-content\/uploads\/2022\/12\/vb_1207_04-768x1024.jpg 768w, https:\/\/karriero.hu\/wp-content\/uploads\/2022\/12\/vb_1207_04-225x300.jpg 225w, https:\/\/karriero.hu\/wp-content\/uploads\/2022\/12\/vb_1207_04-9x12.jpg 9w, https:\/\/karriero.hu\/wp-content\/uploads\/2022\/12\/vb_1207_04.jpg 800w\" sizes=\"auto, (max-width: 768px) 100vw, 768px\" \/><\/figure>\n<\/figure>\n<\/div><\/div>\n<\/div>\n<\/div>","protected":false},"excerpt":{"rendered":"<p>karriero.hu A Karriero.hu honlapot a \u201eFeln\u0151ttk\u00e9pz\u00e9s az eg\u00e9szs\u00e9ges \u00e9letm\u00f3d \u00e9s a fenntarthat\u00f3 k\u00f6rnyezet ter\u00fclet\u00e9n\u201d (Verba Docent) projekt keretein bel\u00fcl a K\u00f6r\u00f6s-Maros Vid\u00e9kfejleszt\u00e9si \u00e9s \u00d6kogazd\u00e1lkod\u00e1si Alap\u00edtv\u00e1ny&hellip;<\/p>","protected":false},"author":1,"featured_media":0,"parent":0,"menu_order":0,"comment_status":"closed","ping_status":"closed","template":"","meta":{"ngg_post_thumbnail":0,"footnotes":""},"class_list":["post-91","page","type-page","status-publish","hentry"],"a3_pvc":{"activated":false,"total_views":99,"today_views":0},"_links":{"self":[{"href":"https:\/\/karriero.hu\/ro\/wp-json\/wp\/v2\/pages\/91","targetHints":{"allow":["GET"]}}],"collection":[{"href":"https:\/\/karriero.hu\/ro\/wp-json\/wp\/v2\/pages"}],"about":[{"href":"https:\/\/karriero.hu\/ro\/wp-json\/wp\/v2\/types\/page"}],"author":[{"embeddable":true,"href":"https:\/\/karriero.hu\/ro\/wp-json\/wp\/v2\/users\/1"}],"replies":[{"embeddable":true,"href":"https:\/\/karriero.hu\/ro\/wp-json\/wp\/v2\/comments?post=91"}],"version-history":[{"count":10,"href":"https:\/\/karriero.hu\/ro\/wp-json\/wp\/v2\/pages\/91\/revisions"}],"predecessor-version":[{"id":647,"href":"https:\/\/karriero.hu\/ro\/wp-json\/wp\/v2\/pages\/91\/revisions\/647"}],"wp:attachment":[{"href":"https:\/\/karriero.hu\/ro\/wp-json\/wp\/v2\/media?parent=91"}],"curies":[{"name":"wp","href":"https:\/\/api.w.org\/{rel}","templated":true}]}}